{"id":42,"date":"2025-05-16T09:43:00","date_gmt":"2025-05-16T07:43:00","guid":{"rendered":"https:\/\/xuntaptxas.uvigo.gal\/?page_id=42"},"modified":"2025-09-03T12:09:57","modified_gmt":"2025-09-03T10:09:57","slug":"representantes","status":"publish","type":"page","link":"https:\/\/xuntaptxas.uvigo.gal\/?page_id=42","title":{"rendered":"Membros Xunta PTXAS"},"content":{"rendered":"\n<figure class=\"wp-block-table alignfull is-style-stripes\"><table class=\"has-fixed-layout\"><thead><tr><th class=\"has-text-align-right\" data-align=\"right\">Cargo<\/th><th class=\"has-text-align-left\" data-align=\"left\">Nome<\/th><th class=\"has-text-align-left\" data-align=\"left\">Correo<\/th><th class=\"has-text-align-center\" data-align=\"center\">Tel\u00e9fono<\/th><th class=\"has-text-align-center\" data-align=\"center\">Sindicato<\/th><\/tr><\/thead><tbody><tr><td class=\"has-text-align-right\" data-align=\"right\"><strong>Presidente<\/strong><\/td><td class=\"has-text-align-left\" data-align=\"left\">Carlos Mollinedo Lois<\/td><td class=\"has-text-align-left\" data-align=\"left\">cmolli@uvigo.gal<\/td><td class=\"has-text-align-center\" data-align=\"center\">670433530<\/td><td class=\"has-text-align-center\" data-align=\"center\">CIG<\/td><\/tr><tr><td class=\"has-text-align-right\" data-align=\"right\"><strong>Secretario<\/strong><\/td><td class=\"has-text-align-left\" data-align=\"left\">Rodrigo Alverte Pivida<\/td><td class=\"has-text-align-left\" data-align=\"left\">rapivida@uvigo.gal<\/td><td class=\"has-text-align-center\" data-align=\"center\">647343233<\/td><td class=\"has-text-align-center\" data-align=\"center\">CIG<\/td><\/tr><tr><td class=\"has-text-align-right\" data-align=\"right\"><\/td><td class=\"has-text-align-left\" data-align=\"left\">M\u00aa Jos\u00e9 R\u00edos Santom\u00e9<\/td><td class=\"has-text-align-left\" data-align=\"left\">sesers@uvigo.gal<\/td><td class=\"has-text-align-center\" data-align=\"center\">647343281<\/td><td class=\"has-text-align-center\" data-align=\"center\">CIG<\/td><\/tr><tr><td class=\"has-text-align-right\" data-align=\"right\"><\/td><td class=\"has-text-align-left\" data-align=\"left\">Jos\u00e9 M. Garc\u00eda Eir\u00edn<\/td><td class=\"has-text-align-left\" data-align=\"left\">josecorreo@uvigo.gal<\/td><td class=\"has-text-align-center\" data-align=\"center\"><\/td><td class=\"has-text-align-center\" data-align=\"center\">CIG<\/td><\/tr><tr><td class=\"has-text-align-right\" data-align=\"right\"><\/td><td class=\"has-text-align-left\" data-align=\"left\">Rafael Ameneiro Bravo<\/td><td class=\"has-text-align-left\" data-align=\"left\">rameneiro@uvigo.gal<\/td><td class=\"has-text-align-center\" data-align=\"center\"><\/td><td class=\"has-text-align-center\" data-align=\"center\">CIG<\/td><\/tr><tr><td class=\"has-text-align-right\" data-align=\"right\"><\/td><td class=\"has-text-align-left\" data-align=\"left\">Paula M\u00aa Gonz\u00e1lez P\u00e9rez<\/td><td class=\"has-text-align-left\" data-align=\"left\">paula@uvigo.gal<\/td><td class=\"has-text-align-center\" data-align=\"center\"><\/td><td class=\"has-text-align-center\" data-align=\"center\">CIG<\/td><\/tr><tr><td class=\"has-text-align-right\" data-align=\"right\"><\/td><td class=\"has-text-align-left\" data-align=\"left\">Jos\u00e9 Luis Pita Carballo<\/td><td class=\"has-text-align-left\" data-align=\"left\">xingro@uvigo.gal<\/td><td class=\"has-text-align-center\" data-align=\"center\">657236650<\/td><td class=\"has-text-align-center\" data-align=\"center\">CIG<\/td><\/tr><tr><td class=\"has-text-align-right\" data-align=\"right\"><\/td><td class=\"has-text-align-left\" data-align=\"left\">M. Remedios Lameiro Di\u00e9guez<\/td><td class=\"has-text-align-left\" data-align=\"left\">rlameiro@uvigo.gal<\/td><td class=\"has-text-align-center\" data-align=\"center\"><\/td><td class=\"has-text-align-center\" data-align=\"center\">CIG<\/td><\/tr><tr><td class=\"has-text-align-right\" data-align=\"right\"><\/td><td class=\"has-text-align-left\" data-align=\"left\">Mar\u00eda Victoria Crespo Alonso<\/td><td class=\"has-text-align-left\" data-align=\"left\">valonso@uvigo.gal<\/td><td class=\"has-text-align-center\" data-align=\"center\"><\/td><td class=\"has-text-align-center\" data-align=\"center\">CCOO<\/td><\/tr><tr><td class=\"has-text-align-right\" data-align=\"right\"><\/td><td class=\"has-text-align-left\" data-align=\"left\">Berta Covelo Rodr\u00edguez<\/td><td class=\"has-text-align-left\" data-align=\"left\">bcovelo@uvigo.gal<\/td><td class=\"has-text-align-center\" data-align=\"center\"><\/td><td class=\"has-text-align-center\" data-align=\"center\">CCOO<\/td><\/tr><tr><td class=\"has-text-align-right\" data-align=\"right\"><\/td><td class=\"has-text-align-left\" data-align=\"left\">M. Nuria Andi\u00f3n Rodr\u00edguez<\/td><td class=\"has-text-align-left\" data-align=\"left\">andion@uvigo.gal<\/td><td class=\"has-text-align-center\" data-align=\"center\"><\/td><td class=\"has-text-align-center\" data-align=\"center\">CCOO<\/td><\/tr><tr><td class=\"has-text-align-right\" data-align=\"right\"><\/td><td class=\"has-text-align-left\" data-align=\"left\">Patricia Sio Bacelo<\/td><td class=\"has-text-align-left\" data-align=\"left\">psio@uvigo.gal<\/td><td class=\"has-text-align-center\" data-align=\"center\"><\/td><td class=\"has-text-align-center\" data-align=\"center\">CCOO<\/td><\/tr><tr><td class=\"has-text-align-right\" data-align=\"right\"><\/td><td class=\"has-text-align-left\" data-align=\"left\">Juan Ignacio Nogueira Alonso<\/td><td class=\"has-text-align-left\" data-align=\"left\">jnogueira@uvigo.gal<\/td><td class=\"has-text-align-center\" data-align=\"center\"><\/td><td class=\"has-text-align-center\" data-align=\"center\">CCOO<\/td><\/tr><tr><td class=\"has-text-align-right\" data-align=\"right\"><\/td><td class=\"has-text-align-left\" data-align=\"left\">Mar\u00eda Luisa Magaz Ledo<\/td><td class=\"has-text-align-left\" data-align=\"left\">marisa@uvigo.gal<\/td><td class=\"has-text-align-center\" data-align=\"center\"><\/td><td class=\"has-text-align-center\" data-align=\"center\">CCOO<\/td><\/tr><tr><td class=\"has-text-align-right\" data-align=\"right\"><\/td><td class=\"has-text-align-left\" data-align=\"left\">Javier Novas M\u00edguez<\/td><td class=\"has-text-align-left\" data-align=\"left\">javinm@uvigo.gal<\/td><td class=\"has-text-align-center\" data-align=\"center\"><\/td><td class=\"has-text-align-center\" data-align=\"center\">FOL<\/td><\/tr><tr><td class=\"has-text-align-right\" data-align=\"right\"><\/td><td class=\"has-text-align-left\" data-align=\"left\">Carm\u00e9n \u00c1lvarez Veleiro<\/td><td class=\"has-text-align-left\" data-align=\"left\">Carmen.veleiro@uvigo.gal<\/td><td class=\"has-text-align-center\" data-align=\"center\"><\/td><td class=\"has-text-align-center\" data-align=\"center\">FOL<\/td><\/tr><tr><td class=\"has-text-align-right\" data-align=\"right\"><\/td><td class=\"has-text-align-left\" data-align=\"left\">Alejandro Mart\u00ednez G\u00f3mez<\/td><td class=\"has-text-align-left\" data-align=\"left\">alexmg@uvigo.gal<\/td><td class=\"has-text-align-center\" data-align=\"center\"><\/td><td class=\"has-text-align-center\" data-align=\"center\">FOL<\/td><\/tr><tr><td class=\"has-text-align-right\" data-align=\"right\"><\/td><td class=\"has-text-align-left\" data-align=\"left\">Natalia Cabaleiro Monteagudo<\/td><td class=\"has-text-align-left\" data-align=\"left\">ncabaleiro@uvigo.gal<\/td><td class=\"has-text-align-center\" data-align=\"center\"><\/td><td class=\"has-text-align-center\" data-align=\"center\">FOL<\/td><\/tr><tr><td class=\"has-text-align-right\" data-align=\"right\"><\/td><td class=\"has-text-align-left\" data-align=\"left\">Pablo \u00c1lvarez Rodr\u00edguez<\/td><td class=\"has-text-align-left\" data-align=\"left\">pabloar@uvigo.gal<\/td><td class=\"has-text-align-center\" data-align=\"center\"><\/td><td class=\"has-text-align-center\" data-align=\"center\">UXT<\/td><\/tr><tr><td class=\"has-text-align-right\" data-align=\"right\"><\/td><td class=\"has-text-align-left\" data-align=\"left\">Mar\u00eda Moreira Send\u00f3n<\/td><td class=\"has-text-align-left\" data-align=\"left\">mariasendon@uvigo.gal<\/td><td class=\"has-text-align-center\" data-align=\"center\"><\/td><td class=\"has-text-align-center\" data-align=\"center\">UXT<\/td><\/tr><tr><td class=\"has-text-align-right\" data-align=\"right\"><\/td><td class=\"has-text-align-left\" data-align=\"left\">Jos\u00e9 Manuel So\u00f1ora Abeij\u00f3n<\/td><td class=\"has-text-align-left\" data-align=\"left\">jsonora@uvigo.gal<\/td><td class=\"has-text-align-center\" data-align=\"center\"><\/td><td class=\"has-text-align-center\" data-align=\"center\">UXT<\/td><\/tr><tr><td class=\"has-text-align-right\" data-align=\"right\"><strong>Delegados Sindicais<\/strong><\/td><td class=\"has-text-align-left\" data-align=\"left\">Federico Fern\u00e1ndez Fern\u00e1ndez<\/td><td class=\"has-text-align-left\" data-align=\"left\">niclete@uvigo.gal<\/td><td class=\"has-text-align-center\" data-align=\"center\">679389179<\/td><td class=\"has-text-align-center\" data-align=\"center\">CIG<\/td><\/tr><tr><td class=\"has-text-align-right\" data-align=\"right\"><\/td><td class=\"has-text-align-left\" data-align=\"left\">Raquel Aldrey R\u00edo<\/td><td class=\"has-text-align-left\" data-align=\"left\">raldrey@uvigo.gal<\/td><td class=\"has-text-align-center\" data-align=\"center\"><\/td><td class=\"has-text-align-center\" data-align=\"center\">CCOO<\/td><\/tr><tr><td class=\"has-text-align-right\" data-align=\"right\"><\/td><td class=\"has-text-align-left\" data-align=\"left\">Alejandra \u00c1lvarez Silva <\/td><td class=\"has-text-align-left\" data-align=\"left\">sandra.alvarez@uvigo.es<\/td><td class=\"has-text-align-center\" data-align=\"center\"><\/td><td class=\"has-text-align-center\" data-align=\"center\">CCOO<\/td><\/tr><tr><td class=\"has-text-align-right\" data-align=\"right\"><\/td><td class=\"has-text-align-left\" data-align=\"left\">Sergio Amador Pajares Dom\u00ednguez<\/td><td class=\"has-text-align-left\" data-align=\"left\">sergiopajares@uvigo.gal<\/td><td class=\"has-text-align-center\" data-align=\"center\"><\/td><td class=\"has-text-align-center\" data-align=\"center\">FOL<\/td><\/tr><tr><td class=\"has-text-align-right\" data-align=\"right\"><\/td><td class=\"has-text-align-left\" data-align=\"left\">Teresa Aboal Somoza<\/td><td class=\"has-text-align-left\" data-align=\"left\">tita@uvigo.gal<\/td><td class=\"has-text-align-center\" data-align=\"center\"><\/td><td class=\"has-text-align-center\" data-align=\"center\">UXT<\/td><\/tr><\/tbody><\/table><\/figure>\n","protected":false},"excerpt":{"rendered":"<p>Cargo Nome Correo Tel\u00e9fono Sindicato Presidente Carlos Mollinedo Lois cmolli@uvigo.gal 670433530 CIG Secretario Rodrigo Alverte Pivida rapivida@uvigo.gal 647343233 CIG M\u00aa Jos\u00e9 R\u00edos Santom\u00e9 sesers@uvigo.gal 647343281 CIG Jos\u00e9 M. Garc\u00eda Eir\u00edn josecorreo@uvigo.gal CIG Rafael Ameneiro Bravo rameneiro@uvigo.gal CIG Paula M\u00aa Gonz\u00e1lez P\u00e9rez paula@uvigo.gal CIG Jos\u00e9 Luis Pita Carballo xingro@uvigo.gal 657236650 CIG M. Remedios Lameiro Di\u00e9guez rlameiro@uvigo.gal [&hellip;]<\/p>\n","protected":false},"author":1,"featured_media":0,"parent":0,"menu_order":0,"comment_status":"closed","ping_status":"closed","template":"","meta":{"footnotes":""},"class_list":["post-42","page","type-page","status-publish","hentry"],"_links":{"self":[{"href":"https:\/\/xuntaptxas.uvigo.gal\/index.php?rest_route=\/wp\/v2\/pages\/42","targetHints":{"allow":["GET"]}}],"collection":[{"href":"https:\/\/xuntaptxas.uvigo.gal\/index.php?rest_route=\/wp\/v2\/pages"}],"about":[{"href":"https:\/\/xuntaptxas.uvigo.gal\/index.php?rest_route=\/wp\/v2\/types\/page"}],"author":[{"embeddable":true,"href":"https:\/\/xuntaptxas.uvigo.gal\/index.php?rest_route=\/wp\/v2\/users\/1"}],"replies":[{"embeddable":true,"href":"https:\/\/xuntaptxas.uvigo.gal\/index.php?rest_route=%2Fwp%2Fv2%2Fcomments&post=42"}],"version-history":[{"count":14,"href":"https:\/\/xuntaptxas.uvigo.gal\/index.php?rest_route=\/wp\/v2\/pages\/42\/revisions"}],"predecessor-version":[{"id":242,"href":"https:\/\/xuntaptxas.uvigo.gal\/index.php?rest_route=\/wp\/v2\/pages\/42\/revisions\/242"}],"wp:attachment":[{"href":"https:\/\/xuntaptxas.uvigo.gal\/index.php?rest_route=%2Fwp%2Fv2%2Fmedia&parent=42"}],"curies":[{"name":"wp","href":"https:\/\/api.w.org\/{rel}","templated":true}]}}