{"id":86,"date":"2025-05-20T12:19:25","date_gmt":"2025-05-20T10:19:25","guid":{"rendered":"https:\/\/xuntaptxas.uvigo.gal\/?page_id=86"},"modified":"2026-04-28T09:40:31","modified_gmt":"2026-04-28T07:40:31","slug":"informacion","status":"publish","type":"page","link":"https:\/\/xuntaptxas.uvigo.gal\/?page_id=86","title":{"rendered":"Informaci\u00f3n"},"content":{"rendered":"\n<figure class=\"wp-block-table is-style-stripes\"><table class=\"has-fixed-layout\"><tbody><tr><td>\u00daltima xuntanza ca xerencia, <a href=\"https:\/\/xuntaptxas.uvigo.gal\/wp-content\/uploads\/2025\/12\/Resumo-reunion-Xerencia-CON-Xunta-PTXAS-28-N-2.pdf\" target=\"_blank\" rel=\"noreferrer noopener\">RESUME<\/a><br>\u00daltima xuntanza do pleno, <a href=\"https:\/\/xuntaptxas.uvigo.gal\/wp-content\/uploads\/2026\/02\/Resume-Xunta-PTXAS-29-xaneiro-de-2026.pdf\" target=\"_blank\" rel=\"noreferrer noopener\">RESUME<\/a><\/td><\/tr><tr><td><a href=\"https:\/\/xuntaptxas.uvigo.gal\/wp-content\/uploads\/2026\/04\/AntecedentesI.pdf\" target=\"_blank\" rel=\"noreferrer noopener\">Antecedentes&#8211; proposta de regulamento sobre provisi\u00f3n temporal<\/a><br><br><a href=\"https:\/\/xuntaptxas.uvigo.gal\/wp-content\/uploads\/2025\/11\/Flexibilizacion-da-xornada-de-traballo.pdf\" target=\"_blank\" rel=\"noreferrer noopener\">Proposta Xerencia Flexibilidade horaria<\/a><br><a href=\"https:\/\/xuntaptxas.uvigo.gal\/wp-content\/uploads\/2025\/12\/propostaCOMISIONS-DE-SERVIZO.pdf\" target=\"_blank\" rel=\"noreferrer noopener\">Proposta modificaci\u00f3n comisi\u00f3n de servizos de caracter voluntario<\/a><br><a href=\"https:\/\/xuntaptxas.uvigo.gal\/wp-content\/uploads\/2025\/11\/Carreira-profesional.pdf\" target=\"_blank\" rel=\"noreferrer noopener\">Proposta carreira Profesional<\/a><br><a href=\"https:\/\/xuntaptxas.uvigo.gal\/wp-content\/uploads\/2026\/04\/Carreira-profesional-PTXAS-27032026.pdf\" target=\"_blank\" rel=\"noreferrer noopener\">Proposta informativa Carreira Profesional para a asamblea <\/a><br><a href=\"https:\/\/xuntaptxas.uvigo.gal\/wp-content\/uploads\/2026\/04\/Regulamento-provision-temporal-postos.pdf\" target=\"_blank\" rel=\"noreferrer noopener\">Proposta de Regulamento sobre Provisi\u00f3n Temporal de postos de Traballo das Escalas e Subescalas de Persoal Funcionario en R\u00e9xime de Promoici\u00f3n Interna<\/a><br><br><a href=\"https:\/\/xuntaptxas.uvigo.gal\/wp-content\/uploads\/2025\/11\/escrito-C2.pdf\" target=\"_blank\" rel=\"noreferrer noopener\">Solicitude -Asamblea informativa promoci\u00f3n C2 a C1<\/a><br><a href=\"https:\/\/xuntaptxas.uvigo.gal\/wp-content\/uploads\/2025\/11\/SOLICITUDE-PROMOCION-C2-a-C1-de-ATSX-E-ATID.pdf\" target=\"_blank\" rel=\"noreferrer noopener\">Solicitude -Proposta promoci\u00f3n C2 a C1 de ATSX E ATID<br><\/a><a href=\"https:\/\/xuntaptxas.uvigo.gal\/wp-content\/uploads\/2025\/11\/PROPOSTA-DE-MELLORA-RPT-COLECTIVO-A1.pdf\" target=\"_blank\" rel=\"noreferrer noopener\">Solicitude -Proposta de grupo A1 mellora da RPT <\/a><br><a href=\"https:\/\/xuntaptxas.uvigo.gal\/wp-content\/uploads\/2025\/11\/251021-Escrito-promocion-C1-a-A2-TEAD-para-Xunta-Persoal.pdf_Gustavo-Loureiro.pdf\">Solicitude -Proposta subgrupo C1 -TEAD<\/a><br><a href=\"https:\/\/xuntaptxas.uvigo.gal\/wp-content\/uploads\/2025\/11\/ESCRITO-XEFATURAS-DE-AREA.pdf\" target=\"_blank\" rel=\"noreferrer noopener\">Solicitude &#8211; Estructura dos Servizos Centrais<\/a><br><br><a href=\"https:\/\/xuntaptxas.uvigo.gal\/wp-content\/uploads\/2025\/05\/Resolucion_publicidade_Acordo_de_execucion_sentencia_A2_Censurado.pdf\" data-type=\"attachment\" data-id=\"121\" target=\"_blank\" rel=\"noreferrer noopener\">Acordo de execuci\u00f3n sentenza do procedemento abreviado 137\/2023 &#8211; A2<\/a><\/td><\/tr><tr><td><a href=\"https:\/\/xuntaptxas.uvigo.gal\/wp-content\/uploads\/2025\/05\/Funciones_TEB_2025.pdf\" data-type=\"attachment\" data-id=\"89\" target=\"_blank\" rel=\"noreferrer noopener\">Manual funci\u00f3ns biblioteca (proposta direcci\u00f3n)<\/a><br><br><a href=\"https:\/\/xuntaptxas.uvigo.gal\/wp-content\/uploads\/2025\/09\/Funcions-TEBS.pdf\" target=\"_blank\" rel=\"noreferrer noopener\">Manual funci\u00f3ns biblioteca (proposta xunta PTXAS)<\/a><br><\/td><\/tr><\/tbody><\/table><\/figure>\n\n\n\n<p><\/p>\n\n\n\n<p><\/p>\n","protected":false},"excerpt":{"rendered":"<p>\u00daltima xuntanza ca xerencia, RESUME\u00daltima xuntanza do pleno, RESUME Antecedentes&#8211; proposta de regulamento sobre provisi\u00f3n temporal Proposta Xerencia Flexibilidade horariaProposta modificaci\u00f3n comisi\u00f3n de servizos de caracter voluntarioProposta carreira ProfesionalProposta informativa Carreira Profesional para a asamblea Proposta de Regulamento sobre Provisi\u00f3n Temporal de postos de Traballo das Escalas e Subescalas de Persoal Funcionario en R\u00e9xime de [&hellip;]<\/p>\n","protected":false},"author":1,"featured_media":0,"parent":0,"menu_order":0,"comment_status":"closed","ping_status":"closed","template":"","meta":{"footnotes":""},"class_list":["post-86","page","type-page","status-publish","hentry"],"_links":{"self":[{"href":"https:\/\/xuntaptxas.uvigo.gal\/index.php?rest_route=\/wp\/v2\/pages\/86","targetHints":{"allow":["GET"]}}],"collection":[{"href":"https:\/\/xuntaptxas.uvigo.gal\/index.php?rest_route=\/wp\/v2\/pages"}],"about":[{"href":"https:\/\/xuntaptxas.uvigo.gal\/index.php?rest_route=\/wp\/v2\/types\/page"}],"author":[{"embeddable":true,"href":"https:\/\/xuntaptxas.uvigo.gal\/index.php?rest_route=\/wp\/v2\/users\/1"}],"replies":[{"embeddable":true,"href":"https:\/\/xuntaptxas.uvigo.gal\/index.php?rest_route=%2Fwp%2Fv2%2Fcomments&post=86"}],"version-history":[{"count":46,"href":"https:\/\/xuntaptxas.uvigo.gal\/index.php?rest_route=\/wp\/v2\/pages\/86\/revisions"}],"predecessor-version":[{"id":341,"href":"https:\/\/xuntaptxas.uvigo.gal\/index.php?rest_route=\/wp\/v2\/pages\/86\/revisions\/341"}],"wp:attachment":[{"href":"https:\/\/xuntaptxas.uvigo.gal\/index.php?rest_route=%2Fwp%2Fv2%2Fmedia&parent=86"}],"curies":[{"name":"wp","href":"https:\/\/api.w.org\/{rel}","templated":true}]}}